{"id":19144,"date":"2022-10-03T15:06:58","date_gmt":"2022-10-03T13:06:58","guid":{"rendered":"https:\/\/www.zarabike.com\/privacy-policy-2\/"},"modified":"2023-01-30T13:49:53","modified_gmt":"2023-01-30T12:49:53","slug":"privacy-policy-2","status":"publish","type":"page","link":"https:\/\/www.zarabike.com\/de\/privacy-policy-2\/","title":{"rendered":"Privacy Policy"},"content":{"rendered":"\t\t<div data-elementor-type=\"wp-page\" data-elementor-id=\"19144\" class=\"elementor elementor-19144 elementor-18224\">\n\t\t\t\t\t\t\t\t\t<section class=\"elementor-section elementor-top-section elementor-element elementor-element-13284248 elementor-section-boxed elementor-section-height-default elementor-section-height-default sc_fly_static\" data-id=\"13284248\" data-element_type=\"section\">\n\t\t\t\t\t\t<div class=\"elementor-container elementor-column-gap-extended\">\n\t\t\t\t\t<div class=\"elementor-column elementor-col-100 elementor-top-column elementor-element elementor-element-e2d8b7c sc_inner_width_none sc_content_align_inherit sc_layouts_column_icons_position_left sc_fly_static\" data-id=\"e2d8b7c\" data-element_type=\"column\">\n\t\t\t<div class=\"elementor-widget-wrap elementor-element-populated\">\n\t\t\t\t\t\t\t\t<div class=\"elementor-element elementor-element-23cb274e sc_fly_static elementor-widget elementor-widget-text-editor\" data-id=\"23cb274e\" data-element_type=\"widget\" data-widget_type=\"text-editor.default\">\n\t\t\t\t<div class=\"elementor-widget-container\">\n\t\t\t\t\t\t\t<p><\/p>\n<header class=\"top_panel top_panel_custom top_panel_custom_28 top_panel_custom_header-default without_bg_image\">\n<div class=\"elementor elementor-28\" data-elementor-type=\"wp-post\" data-elementor-id=\"28\" data-elementor-settings=\"[]\">\n<div class=\"elementor-inner\">\n<div class=\"elementor-section-wrap\">\n<section class=\"elementor-section elementor-top-section elementor-element elementor-element-8534dc9 elementor-section-full_width elementor-section-height-default elementor-section-height-default sc_fly_static\" data-id=\"8534dc9\" data-element_type=\"section\" data-settings=\"{\"background_background\":\"classic\"}\">\n<div class=\"elementor-container elementor-column-gap-no\">\n<div class=\"elementor-row\">\n<div class=\"elementor-column elementor-col-100 elementor-top-column elementor-element elementor-element-30328f8 sc_inner_width_none sc_content_align_inherit sc_layouts_column_icons_position_left sc_fly_static\" data-id=\"30328f8\" data-element_type=\"column\">\n<div class=\"elementor-column-wrap elementor-element-populated\">\n<div class=\"elementor-widget-wrap\">\n<div class=\"sc_layouts_item elementor-element elementor-element-9cab505 scheme_dark sc_fly_static elementor-widget elementor-widget-trx_sc_layouts_title\" data-id=\"9cab505\" data-element_type=\"widget\" data-widget_type=\"trx_sc_layouts_title.default\">\n<div class=\"elementor-widget-container\">\n<div class=\"sc_layouts_title sc_align_center with_content without_image without_tint\">\n<div class=\"sc_layouts_title_content\">\n<div class=\"sc_layouts_title_title\">\n<h1 class=\"sc_layouts_title_caption\"> <\/h1>\n<\/div>\n<\/div>\n<\/div>\n<\/div>\n<\/div>\n<\/div>\n<\/div>\n<\/div>\n<\/div>\n<\/div>\n<\/section>\n<\/div>\n<\/div>\n<\/div>\n<\/header>\n<div class=\"page_content_wrap\">\n<div class=\"content_wrap\">\n<div class=\"content\">\n<p> <\/p>\n<article id=\"post-91\" class=\"post_item_single post_type_page post-91 page type-page status-publish hentry\">\n<div class=\"post_content entry-content\">\n<div class=\"elementor elementor-91\" data-elementor-type=\"wp-page\" data-elementor-id=\"91\" data-elementor-settings=\"[]\">\n<div class=\"elementor-inner\">\n<div class=\"elementor-section-wrap\">\n<section class=\"elementor-section elementor-top-section elementor-element elementor-element-723f6d52 elementor-section-boxed elementor-section-height-default elementor-section-height-default sc_fly_static\" data-id=\"723f6d52\" data-element_type=\"section\" data-settings=\"{\"background_background\":\"classic\"}\">\n<div class=\"elementor-container elementor-column-gap-extended\">\n<div class=\"elementor-row\">\n<div class=\"elementor-column elementor-col-100 elementor-top-column elementor-element elementor-element-523c1623 sc_inner_width_none sc_content_align_inherit sc_layouts_column_icons_position_left sc_fly_static\" data-id=\"523c1623\" data-element_type=\"column\">\n<div class=\"elementor-column-wrap elementor-element-populated\">\n<div class=\"elementor-widget-wrap\">\n<div class=\"elementor-element elementor-element-18dfb9b0 sc_fly_static elementor-widget elementor-widget-text-editor\" data-id=\"18dfb9b0\" data-element_type=\"widget\" data-widget_type=\"text-editor.default\">\n<div class=\"elementor-widget-container\">\n<div class=\"elementor-text-editor elementor-clearfix\">\n<h4><strong>INFORMATION ZUR VERARBEITUNG PERSONENBEZOGENER DATEN NACH DSGVO 2016\/679<\/strong><\/h4>\n<p><strong> <\/strong><\/p>\n<p>Diese Information regelt die Verarbeitung personenbezogener Daten durch unser Unternehmen im Rahmen dieser Website unter Beachtung der geltenden Datenschutzvorschriften, insbesondere der EU-Verordnung 2016\/679 (im Folgenden \u201eDSGVO\u201c).<\/p>\n<p>Datenverantwortlicher: <strong>Zarabike von Fabio Bovi<\/strong><\/p>\n<p>Hauptsitz: <strong>Via Celestino Iotti, 74 &#8211; Luzzara (RE), 42045 &#8211; Italien<\/strong><\/p>\n<p>Kontakte und Kontaktdaten: <a href=\"mailto:info@zarabike.com\"><strong>info@zarabike.com<\/strong><\/a><\/p>\n<p>Der Datenverantwortliche ist Ihnen gegen\u00fcber f\u00fcr die rechtm\u00e4\u00dfige und korrekte Verwendung Ihrer personenbezogenen Daten verantwortlich und kann f\u00fcr Informationen oder Anfragen bez\u00fcglich dieser Behandlung kontaktiert werden.<\/p>\n<p><strong> <\/strong><\/p>\n<p><strong>Haftungsausschluss<\/strong><\/p>\n<p>Auf dieser Seite wird beschrieben, wie die Website in Bezug auf die Verarbeitung personenbezogener Daten von Benutzern verwaltet wird, die sie konsultieren.<\/p>\n<p>Dies ist eine Offenlegung gem\u00e4\u00df der neuen DSGVO 2016\/679 zum Schutz personenbezogener Daten f\u00fcr diejenigen, die mit Webdiensten interagieren, auf die elektronisch von der Adresse aus zugegriffen werden kann: https:\/\/www.zarabike.com\/<\/p>\n<p>Die Informationen werden nur f\u00fcr die betreffende Website bereitgestellt und nicht f\u00fcr andere Websites, die vom Benutzer \u00fcber Links konsultiert werden k\u00f6nnen. Die nachstehenden Angaben betreffen insbesondere die Erhebung personenbezogener Daten im Internet mit dem Ziel, die Mindestma\u00dfnahmen zu ermitteln, die in Bezug auf die betroffenen Personen ergriffen werden m\u00fcssen, um die Loyalit\u00e4t und Rechtm\u00e4\u00dfigkeit solcher Praktiken zu gew\u00e4hrleisten. <\/p>\n<p><strong>Ort der Datenverarbeitung<\/strong><\/p>\n<p>Die mit den Webdiensten auf dieser Website verbundenen Behandlungen erfolgen im oben genannten B\u00fcro und werden nur von Mitarbeitern, Mitarbeitern oder mit der Verarbeitung beauftragten Personen oder von Personen durchgef\u00fchrt, die mit gelegentlichen Wartungsarbeiten beauftragt sind. Es werden keine aus dem Webservice stammenden Daten mitgeteilt oder verbreitet. Die personenbezogenen Daten der Nutzer, die den Versand von Informationsmaterial anfordern, werden ausschlie\u00dflich zur Erbringung der angeforderten Dienstleistung oder Bereitstellung verwendet und an Dritte weitergegeben, sofern dies zu diesem Zweck erforderlich ist.  <\/p>\n<p><strong>Daten, Zweck und Rechtsgrundlage<\/strong><\/p>\n<p>Die Computersysteme und Computerprogramme, die zum Betrieb der Website verwendet werden, erfassen einige personenbezogene Daten, deren \u00dcbertragung implizit mit der Verwendung von Internet-Kommunikationsprotokollen verbunden ist (z Identifikator \u2013 Adressen der angeforderten Ressourcen, Zeitpunkt der Anfrage, Methode, mit der die Anfrage an den Server gesendet wurde, Gr\u00f6\u00dfe der als Antwort erhaltenen Datei, numerischer Code \u00fcber den Status der vom Server gegebenen Antwort \u2013 Erfolg, Fehler usw. &#8211; und andere Parameter in Bezug auf das Betriebssystem und die IT-Umgebung des Benutzers). Obwohl es sich um Informationen handelt, die nicht gesammelt werden, um identifizierten Interessenten zugeordnet zu werden, k\u00f6nnten sie aufgrund ihrer Art durch Verarbeitung und Verkn\u00fcpfung mit Daten im Besitz von Dritten die Identifizierung von Benutzern erm\u00f6glichen.<\/p>\n<p>Diese Daten werden ausschlie\u00dflich dazu verwendet, statistische Informationen \u00fcber die Nutzung der Website zu erhalten, die nicht mit Benutzeridentifikationsdaten verbunden sind, und um ihre korrekte Funktionsweise zu \u00fcberpr\u00fcfen, und werden sofort nach der Verarbeitung gel\u00f6scht. Die Daten k\u00f6nnten verwendet werden, um die Verantwortlichkeit im Falle hypothetischer Computerkriminalit\u00e4t gegen die Website festzustellen.<\/p>\n<p>Die optionale, ausdr\u00fcckliche und freiwillige \u00dcbermittlung Ihrer personenbezogenen Daten (Name, Nachname, Telefon, E-Mail-Adresse usw.) an die auf dieser Website angegebene Adresse oder durch Ausf\u00fcllen des Formulars, um ein Angebot anzufordern oder weitere Informationen zu erhalten unsere T\u00e4tigkeit umfasst die anschlie\u00dfende Erfassung der Absenderadresse, die zur Beantwortung von Anfragen erforderlich ist, sowie aller anderen in der Nachricht enthaltenen personenbezogenen Daten.<\/p>\n<p><strong>Behandlungsmethoden<\/strong><\/p>\n<p>Personenbezogene Daten werden mit automatisierten Tools f\u00fcr die Zeit verarbeitet, die unbedingt erforderlich ist, um die Zwecke zu erreichen, f\u00fcr die sie erhoben wurden, es sei denn, dieselben Informationen werden von demselben Datenverantwortlichen anderweitig verarbeitet. Spezifische Sicherheitsma\u00dfnahmen werden eingehalten, um Datenverlust, unerlaubte oder falsche Verwendung in \u00dcbereinstimmung mit den Verpflichtungen zur Anpassung an Mindestsicherheitsma\u00dfnahmen zu verhindern.<\/p>\n<p>In jedem Fall werden die Daten nach Widerruf der Einwilligung nicht mehr verarbeitet.<\/p>\n<p><strong>Wir informieren Sie auch \u00fcber die folgenden Rechte, die Sie gegen\u00fcber dem Datenverantwortlichen geltend machen k\u00f6nnen:<\/strong><\/p>\n<p>Recht auf Auskunft \u00fcber Ihre personenbezogenen Daten (Art. 15).<\/p>\n<p>Recht auf Berichtigung (Art.16) oder L\u00f6schung personenbezogener Daten (Art.17).<\/p>\n<p>Recht auf Einschr\u00e4nkung (Art. 18) oder Recht auf Widerspruch gegen die Verarbeitung (Art. 21).<\/p>\n<p>Recht auf Daten\u00fcbertragbarkeit (Art. 20).<\/p>\n<p>Recht auf jederzeitigen Widerruf einer f\u00fcr einen oder mehrere bestimmte Zwecke erteilten Einwilligung, unbeschadet der Verarbeitung vor dem Widerruf der Einwilligung (Artikel 7).<\/p>\n<p>Recht auf Beschwerde beim Garanten f\u00fcr den Schutz personenbezogener Daten (Art. 77).<\/p>\n<p><strong> <\/strong><\/p>\n<p>Anfragen zur Aus\u00fcbung der in diesen Informationen angegebenen Rechte, einschlie\u00dflich insbesondere des Widerrufsrechts und des Rechts auf Widerruf der erteilten Einwilligung, sind direkt an den Datenverantwortlichen unter der E-Mail-Adresse zu richten: <a href=\"mailto:info@zarabike.com\"><strong>info@zarabike.com<\/strong><\/a><\/p>\n<\/div>\n<\/div>\n<\/div>\n<\/div>\n<\/div>\n<\/div>\n<\/div>\n<\/div>\n<\/section>\n<\/div>\n<\/div>\n<\/div>\n<\/div>\n<\/article>\n<\/div>\n<\/div>\n<\/div>\n<p><\/p>\t\t\t\t\t\t<\/div>\n\t\t\t\t<\/div>\n\t\t\t\t\t<\/div>\n\t\t<\/div>\n\t\t\t\t\t\t\t<\/div>\n\t\t<\/section>\n\t\t\t\t<section class=\"elementor-section elementor-top-section elementor-element elementor-element-62e6a23 elementor-section-boxed elementor-section-height-default elementor-section-height-default sc_fly_static\" data-id=\"62e6a23\" data-element_type=\"section\">\n\t\t\t\t\t\t<div class=\"elementor-container elementor-column-gap-extended\">\n\t\t\t\t\t<div class=\"elementor-column elementor-col-100 elementor-top-column elementor-element elementor-element-556cb2c sc_inner_width_none sc_content_align_inherit sc_layouts_column_icons_position_left sc_fly_static\" data-id=\"556cb2c\" data-element_type=\"column\">\n\t\t\t<div class=\"elementor-widget-wrap elementor-element-populated\">\n\t\t\t\t\t\t\t\t<div class=\"elementor-element elementor-element-08da6b2 sc_height_medium sc_fly_static elementor-widget elementor-widget-spacer\" data-id=\"08da6b2\" data-element_type=\"widget\" data-widget_type=\"spacer.default\">\n\t\t\t\t<div class=\"elementor-widget-container\">\n\t\t\t\t\t<div class=\"elementor-spacer\">\n\t\t\t<div class=\"elementor-spacer-inner\"><\/div>\n\t\t<\/div>\n\t\t\t\t<\/div>\n\t\t\t\t<\/div>\n\t\t\t\t\t<\/div>\n\t\t<\/div>\n\t\t\t\t\t\t\t<\/div>\n\t\t<\/section>\n\t\t\t\t\t\t\t<\/div>\n\t\t","protected":false},"excerpt":{"rendered":"<p>INFORMATION ZUR VERARBEITUNG PERSONENBEZOGENER DATEN NACH DSGVO 2016\/679 Diese Information regelt die Verarbeitung personenbezogener Daten durch unser Unternehmen im Rahmen dieser Website unter Beachtung der geltenden Datenschutzvorschriften, insbesondere der EU-Verordnung&hellip;<\/p>\n","protected":false},"author":1,"featured_media":0,"parent":0,"menu_order":0,"comment_status":"closed","ping_status":"closed","template":"","meta":{"footnotes":""},"yoast_head":"<!-- This site is optimized with the Yoast SEO plugin v23.6 - https:\/\/yoast.com\/wordpress\/plugins\/seo\/ -->\n<title>Privacy Policy - ZARABIKE<\/title>\n<meta name=\"robots\" content=\"index, follow, max-snippet:-1, max-image-preview:large, max-video-preview:-1\" \/>\n<link rel=\"canonical\" href=\"https:\/\/www.zarabike.com\/de\/privacy-policy-2\/\" \/>\n<meta property=\"og:locale\" content=\"de_DE\" \/>\n<meta property=\"og:type\" content=\"article\" \/>\n<meta property=\"og:title\" content=\"Privacy Policy - ZARABIKE\" \/>\n<meta property=\"og:description\" content=\"INFORMATION ZUR VERARBEITUNG PERSONENBEZOGENER DATEN NACH DSGVO 2016\/679 Diese Information regelt die Verarbeitung personenbezogener Daten durch unser Unternehmen im Rahmen dieser Website unter Beachtung der geltenden Datenschutzvorschriften, insbesondere der EU-Verordnung&hellip;\" \/>\n<meta property=\"og:url\" content=\"https:\/\/www.zarabike.com\/de\/privacy-policy-2\/\" \/>\n<meta property=\"og:site_name\" content=\"ZARABIKE\" \/>\n<meta property=\"article:modified_time\" content=\"2023-01-30T12:49:53+00:00\" \/>\n<meta name=\"twitter:card\" content=\"summary_large_image\" \/>\n<meta name=\"twitter:label1\" content=\"Gesch\u00e4tzte Lesezeit\" \/>\n\t<meta name=\"twitter:data1\" content=\"8 Minuten\" \/>\n<script type=\"application\/ld+json\" class=\"yoast-schema-graph\">{\"@context\":\"https:\/\/schema.org\",\"@graph\":[{\"@type\":\"WebPage\",\"@id\":\"https:\/\/www.zarabike.com\/de\/privacy-policy-2\/\",\"url\":\"https:\/\/www.zarabike.com\/de\/privacy-policy-2\/\",\"name\":\"Privacy Policy - ZARABIKE\",\"isPartOf\":{\"@id\":\"https:\/\/www.zarabike.com\/de\/#website\"},\"datePublished\":\"2022-10-03T13:06:58+00:00\",\"dateModified\":\"2023-01-30T12:49:53+00:00\",\"breadcrumb\":{\"@id\":\"https:\/\/www.zarabike.com\/de\/privacy-policy-2\/#breadcrumb\"},\"inLanguage\":\"de-DE\",\"potentialAction\":[{\"@type\":\"ReadAction\",\"target\":[\"https:\/\/www.zarabike.com\/de\/privacy-policy-2\/\"]}]},{\"@type\":\"BreadcrumbList\",\"@id\":\"https:\/\/www.zarabike.com\/de\/privacy-policy-2\/#breadcrumb\",\"itemListElement\":[{\"@type\":\"ListItem\",\"position\":1,\"name\":\"Home\",\"item\":\"https:\/\/www.zarabike.com\/de\/\"},{\"@type\":\"ListItem\",\"position\":2,\"name\":\"Privacy Policy\"}]},{\"@type\":\"WebSite\",\"@id\":\"https:\/\/www.zarabike.com\/de\/#website\",\"url\":\"https:\/\/www.zarabike.com\/de\/\",\"name\":\"ZARABIKE\",\"description\":\"Bici da corsa a 3 ruote\",\"publisher\":{\"@id\":\"https:\/\/www.zarabike.com\/de\/#organization\"},\"potentialAction\":[{\"@type\":\"SearchAction\",\"target\":{\"@type\":\"EntryPoint\",\"urlTemplate\":\"https:\/\/www.zarabike.com\/de\/?s={search_term_string}\"},\"query-input\":{\"@type\":\"PropertyValueSpecification\",\"valueRequired\":true,\"valueName\":\"search_term_string\"}}],\"inLanguage\":\"de-DE\"},{\"@type\":\"Organization\",\"@id\":\"https:\/\/www.zarabike.com\/de\/#organization\",\"name\":\"Zarabike di Fabio Bovi\",\"url\":\"https:\/\/www.zarabike.com\/de\/\",\"logo\":{\"@type\":\"ImageObject\",\"inLanguage\":\"de-DE\",\"@id\":\"https:\/\/www.zarabike.com\/de\/#\/schema\/logo\/image\/\",\"url\":\"https:\/\/www.zarabike.com\/wp-content\/uploads\/2022\/09\/01_Zara-Bike-logo.png\",\"contentUrl\":\"https:\/\/www.zarabike.com\/wp-content\/uploads\/2022\/09\/01_Zara-Bike-logo.png\",\"width\":1000,\"height\":304,\"caption\":\"Zarabike di Fabio Bovi\"},\"image\":{\"@id\":\"https:\/\/www.zarabike.com\/de\/#\/schema\/logo\/image\/\"}}]}<\/script>\n<!-- \/ Yoast SEO plugin. -->","yoast_head_json":{"title":"Privacy Policy - ZARABIKE","robots":{"index":"index","follow":"follow","max-snippet":"max-snippet:-1","max-image-preview":"max-image-preview:large","max-video-preview":"max-video-preview:-1"},"canonical":"https:\/\/www.zarabike.com\/de\/privacy-policy-2\/","og_locale":"de_DE","og_type":"article","og_title":"Privacy Policy - ZARABIKE","og_description":"INFORMATION ZUR VERARBEITUNG PERSONENBEZOGENER DATEN NACH DSGVO 2016\/679 Diese Information regelt die Verarbeitung personenbezogener Daten durch unser Unternehmen im Rahmen dieser Website unter Beachtung der geltenden Datenschutzvorschriften, insbesondere der EU-Verordnung&hellip;","og_url":"https:\/\/www.zarabike.com\/de\/privacy-policy-2\/","og_site_name":"ZARABIKE","article_modified_time":"2023-01-30T12:49:53+00:00","twitter_card":"summary_large_image","twitter_misc":{"Gesch\u00e4tzte Lesezeit":"8 Minuten"},"schema":{"@context":"https:\/\/schema.org","@graph":[{"@type":"WebPage","@id":"https:\/\/www.zarabike.com\/de\/privacy-policy-2\/","url":"https:\/\/www.zarabike.com\/de\/privacy-policy-2\/","name":"Privacy Policy - ZARABIKE","isPartOf":{"@id":"https:\/\/www.zarabike.com\/de\/#website"},"datePublished":"2022-10-03T13:06:58+00:00","dateModified":"2023-01-30T12:49:53+00:00","breadcrumb":{"@id":"https:\/\/www.zarabike.com\/de\/privacy-policy-2\/#breadcrumb"},"inLanguage":"de-DE","potentialAction":[{"@type":"ReadAction","target":["https:\/\/www.zarabike.com\/de\/privacy-policy-2\/"]}]},{"@type":"BreadcrumbList","@id":"https:\/\/www.zarabike.com\/de\/privacy-policy-2\/#breadcrumb","itemListElement":[{"@type":"ListItem","position":1,"name":"Home","item":"https:\/\/www.zarabike.com\/de\/"},{"@type":"ListItem","position":2,"name":"Privacy Policy"}]},{"@type":"WebSite","@id":"https:\/\/www.zarabike.com\/de\/#website","url":"https:\/\/www.zarabike.com\/de\/","name":"ZARABIKE","description":"Bici da corsa a 3 ruote","publisher":{"@id":"https:\/\/www.zarabike.com\/de\/#organization"},"potentialAction":[{"@type":"SearchAction","target":{"@type":"EntryPoint","urlTemplate":"https:\/\/www.zarabike.com\/de\/?s={search_term_string}"},"query-input":{"@type":"PropertyValueSpecification","valueRequired":true,"valueName":"search_term_string"}}],"inLanguage":"de-DE"},{"@type":"Organization","@id":"https:\/\/www.zarabike.com\/de\/#organization","name":"Zarabike di Fabio Bovi","url":"https:\/\/www.zarabike.com\/de\/","logo":{"@type":"ImageObject","inLanguage":"de-DE","@id":"https:\/\/www.zarabike.com\/de\/#\/schema\/logo\/image\/","url":"https:\/\/www.zarabike.com\/wp-content\/uploads\/2022\/09\/01_Zara-Bike-logo.png","contentUrl":"https:\/\/www.zarabike.com\/wp-content\/uploads\/2022\/09\/01_Zara-Bike-logo.png","width":1000,"height":304,"caption":"Zarabike di Fabio Bovi"},"image":{"@id":"https:\/\/www.zarabike.com\/de\/#\/schema\/logo\/image\/"}}]}},"_links":{"self":[{"href":"https:\/\/www.zarabike.com\/de\/wp-json\/wp\/v2\/pages\/19144"}],"collection":[{"href":"https:\/\/www.zarabike.com\/de\/wp-json\/wp\/v2\/pages"}],"about":[{"href":"https:\/\/www.zarabike.com\/de\/wp-json\/wp\/v2\/types\/page"}],"author":[{"embeddable":true,"href":"https:\/\/www.zarabike.com\/de\/wp-json\/wp\/v2\/users\/1"}],"replies":[{"embeddable":true,"href":"https:\/\/www.zarabike.com\/de\/wp-json\/wp\/v2\/comments?post=19144"}],"version-history":[{"count":10,"href":"https:\/\/www.zarabike.com\/de\/wp-json\/wp\/v2\/pages\/19144\/revisions"}],"predecessor-version":[{"id":19186,"href":"https:\/\/www.zarabike.com\/de\/wp-json\/wp\/v2\/pages\/19144\/revisions\/19186"}],"wp:attachment":[{"href":"https:\/\/www.zarabike.com\/de\/wp-json\/wp\/v2\/media?parent=19144"}],"curies":[{"name":"wp","href":"https:\/\/api.w.org\/{rel}","templated":true}]}}